{"id":534,"date":"2024-06-12T10:56:51","date_gmt":"2024-06-12T10:56:51","guid":{"rendered":"http:\/\/bracketweb.com\/easilonwp\/?page_id=534"},"modified":"2026-03-22T15:17:13","modified_gmt":"2026-03-22T15:17:13","slug":"pret-aux-entreprises","status":"publish","type":"page","link":"https:\/\/nauturekredit.com\/it\/pret-aux-entreprises\/","title":{"rendered":"Prestiti aziendali"},"content":{"rendered":"<div data-elementor-type=\"wp-page\" data-elementor-id=\"534\" class=\"elementor elementor-534\" data-elementor-post-type=\"page\">\n\t\t\t\t<div class=\"elementor-element elementor-element-ec8e6ba service-details section-space e-flex e-con-boxed e-con e-parent\" data-id=\"ec8e6ba\" data-element_type=\"container\" data-e-type=\"container\">\n\t\t\t\t\t<div class=\"e-con-inner\">\n\t\t<div class=\"elementor-element elementor-element-7bc72e5 e-con-full e-flex e-con e-child\" data-id=\"7bc72e5\" data-element_type=\"container\" data-e-type=\"container\">\n\t\t\t\t<div class=\"elementor-element elementor-element-e59174e elementor-widget elementor-widget-sidebar-nav\" data-id=\"e59174e\" data-element_type=\"widget\" data-e-type=\"widget\" data-widget_type=\"sidebar-nav.default\">\n\t\t\t\t<div class=\"elementor-widget-container\">\n\t\t\t\t\t\t<div class=\"service-sidebar__info service-sidebar__single wow fadeInLeft\" data-wow-duration=\"1500ms\">\r\n\t\t<div class=\"menu-service-list-menu-container\"><ul id=\"menu-service-list-menu\" class=\"list-unstyled service-sidebar__nav\"><li id=\"menu-item-568\" class=\"menu-item menu-item-type-post_type menu-item-object-page menu-item-568\"><a href=\"https:\/\/nauturekredit.com\/it\/rachat-de-credit\/\">Consolidamento del debito<\/a><\/li>\n<li id=\"menu-item-567\" class=\"menu-item menu-item-type-post_type menu-item-object-page menu-item-567\"><a href=\"https:\/\/nauturekredit.com\/it\/credit-automobile\/\">Prestito auto<\/a><\/li>\n<li id=\"menu-item-566\" class=\"menu-item menu-item-type-post_type menu-item-object-page menu-item-566\"><a href=\"https:\/\/nauturekredit.com\/it\/pret-personnel\/\">Prestito personale<\/a><\/li>\n<li id=\"menu-item-565\" class=\"menu-item menu-item-type-post_type menu-item-object-page menu-item-565\"><a href=\"https:\/\/nauturekredit.com\/it\/pret-aux-entreprises\/\">Prestiti aziendali<\/a><\/li>\n<li id=\"menu-item-564\" class=\"menu-item menu-item-type-post_type menu-item-object-page menu-item-564\"><a href=\"https:\/\/nauturekredit.com\/it\/assurance-pret\/\">Assicurazione sui prestiti<\/a><\/li>\n<li id=\"menu-item-563\" class=\"menu-item menu-item-type-post_type menu-item-object-page menu-item-563\"><a href=\"https:\/\/nauturekredit.com\/it\/credit-a-la-consommation\/\">credito al consumo<\/a><\/li>\n<li id=\"menu-item-562\" class=\"menu-item menu-item-type-post_type menu-item-object-page menu-item-562\"><a href=\"https:\/\/nauturekredit.com\/it\/pret-immobilier\/\">prestito ipotecario<\/a><\/li>\n<\/ul><\/div>\t<\/div><!-- \/.service-sidebar__info service-sidebar__single -->\r\n\t\t\t\t<\/div>\n\t\t\t\t<\/div>\n\t\t\t\t<div class=\"elementor-element elementor-element-a5b25b3 elementor-widget elementor-widget-easilon-sidebar-call-to-action\" data-id=\"a5b25b3\" data-element_type=\"widget\" data-e-type=\"widget\" data-widget_type=\"easilon-sidebar-call-to-action.default\">\n\t\t\t\t<div class=\"elementor-widget-container\">\n\t\t\t\t\t\t<div class=\"service-sidebar__single\">\r\n\t\t<div class=\"service-sidebar__contact wow fadeInLeft\" data-wow-duration=\"1500ms\" data-wow-delay=\"100ms\">\r\n\t\t\t<div class=\"service-sidebar__contact__bg\">\r\n\t\t\t\t<div class=\"service-sidebar__contact__bg__inner\"><\/div><!-- \/.service-sidebar__contact__bg__inner -->\r\n\t\t\t<\/div><!-- \/.service-sidebar__contact__bg -->\r\n\t\t\t<div class=\"service-sidebar__contact__inner\">\r\n\t\t\t\t\t\t\t\t\t<div class=\"service-sidebar__contact__icon\">\r\n\t\t\t\t\t\t<i aria-hidden=\"true\" class=\"icon-telephone\"><\/i>\t\t\t\t\t<\/div><!-- \/.service-sidebar__contact__icon -->\r\n\t\t\t\t\t\t\t\t<div class=\"service-sidebar__contact__content\">\r\n\t\t\t\t\t\t\t\t\t\t\t<h4 class=\"service-sidebar__contact__time\">\r\n\t\t\t\t\t\t\tONLINE 24 ORE SU 24, 7 GIORNI SU 7\t\t\t\t\t\t<\/h4><!-- \/.service-sidebar__contact__time -->\r\n\t\t\t\t\t\t\t\t\t\t\t\t\t\t\t\t<h4 class=\"service-sidebar__contact__number\">\r\n\t\t\t\t\t\t\t<a href=\"tel:0684032691\" >\r\n\t\t\t\t\t\t\t\t06 84 03 26 91\t\t\t\t\t\t\t<\/a>\r\n\t\t\t\t\t\t<\/h4><!-- \/.service-sidebar__contact__number -->\r\n\t\t\t\t\t\t\t\t\t<\/div><!-- \/.service-sidebar__contact__content -->\r\n\t\t\t<\/div><!-- \/.service-sidebar__contact__inner -->\r\n\t\t<\/div><!-- \/.service-sidebar__contact -->\r\n\t<\/div><!-- \/.service-sidebar__single -->\r\n\t\t\t\t<\/div>\n\t\t\t\t<\/div>\n\t\t\t\t<div class=\"elementor-element elementor-element-85c3bbb elementor-widget elementor-widget-easilon-book-appointment\" data-id=\"85c3bbb\" data-element_type=\"widget\" data-e-type=\"widget\" data-widget_type=\"easilon-book-appointment.default\">\n\t\t\t\t<div class=\"elementor-widget-container\">\n\t\t\t\t\t    <div class=\"service-sidebar__single wow fadeInLeft\" data-wow-duration=\"1500ms\" data-wow-delay=\"200ms\">\r\n        <div class=\"service-sidebar__appointment\">\r\n            <h3 class=\"service-sidebar__appointment__title\">Fissa un appuntamento<\/h3>            <!-- \/.service-sidebar__appointment__title -->\r\n                            <div class=\"service-sidebar__appointment__form form-one contact-form-validated\">\r\n                    <div class=\"wpcf7 no-js\" id=\"wpcf7-f620-o1\" lang=\"en-US\" dir=\"ltr\" data-wpcf7-id=\"620\">\n<div class=\"screen-reader-response\"><p role=\"status\" aria-live=\"polite\" aria-atomic=\"true\"><\/p> <ul><\/ul><\/div>\n<form action=\"\/it\/wp-json\/wp\/v2\/pages\/534#wpcf7-f620-o1\" method=\"post\" class=\"wpcf7-form init\" aria-label=\"Contact form\" novalidate=\"novalidate\" data-status=\"init\" data-trp-original-action=\"\/it\/wp-json\/wp\/v2\/pages\/534#wpcf7-f620-o1\">\n<fieldset class=\"hidden-fields-container\"><input type=\"hidden\" name=\"_wpcf7\" value=\"620\" \/><input type=\"hidden\" name=\"_wpcf7_version\" value=\"6.1.5\" \/><input type=\"hidden\" name=\"_wpcf7_locale\" value=\"en_US\" \/><input type=\"hidden\" name=\"_wpcf7_unit_tag\" value=\"wpcf7-f620-o1\" \/><input type=\"hidden\" name=\"_wpcf7_container_post\" value=\"0\" \/><input type=\"hidden\" name=\"_wpcf7_posted_data_hash\" value=\"\" \/>\n<\/fieldset>\n<div class=\"form-one__group\">\n    <div class=\"form-one__control form-one__control--full\">\n        <span class=\"wpcf7-form-control-wrap\" data-name=\"fname\"><input size=\"40\" maxlength=\"400\" class=\"wpcf7-form-control wpcf7-text wpcf7-validates-as-required\" aria-required=\"true\" aria-invalid=\"false\" placeholder=\"Nome\" value=\"\" type=\"text\" name=\"fname\" \/><\/span>\n    <\/div>\n    <div class=\"form-one__control form-one__control--full\">\n        <span class=\"wpcf7-form-control-wrap\" data-name=\"email\"><input size=\"40\" maxlength=\"400\" class=\"wpcf7-form-control wpcf7-email wpcf7-validates-as-required wpcf7-text wpcf7-validates-as-email\" aria-required=\"true\" aria-invalid=\"false\" placeholder=\"Indirizzo e-mail\" value=\"\" type=\"email\" name=\"email\" \/><\/span>\n    <\/div>\n    <div class=\"form-one__control form-one__control--full\">\n        <span class=\"wpcf7-form-control-wrap\" data-name=\"phone-no\"><input size=\"40\" maxlength=\"400\" class=\"wpcf7-form-control wpcf7-tel wpcf7-text wpcf7-validates-as-tel\" aria-invalid=\"false\" placeholder=\"Numero di telefono\" value=\"\" type=\"tel\" name=\"phone-no\" \/><\/span>\n    <\/div>\n    <div class=\"form-one__control form-one__control--full\">\n        <button type=\"submit\" class=\"service-sidebar__appointment__form__btn easilon-btn\">\n            <span>Invia ora<\/span>\n            <span class=\"easilon-btn__icon\">\n                <i class=\"icon-double-right-arrow\"><\/i>\n            <\/span>\n        <\/button>\n    <\/div>\n<\/div><div class=\"wpcf7-response-output\" aria-hidden=\"true\"><\/div>\n<input type=\"hidden\" name=\"trp-form-language\" value=\"it\"\/><\/form>\n<\/div>                <\/div>\r\n                    <\/div><!-- \/.service-sidebar__company -->\r\n    <\/div><!-- \/.service-sidebar__single -->\r\n\t\t\t\t<\/div>\n\t\t\t\t<\/div>\n\t\t\t\t<\/div>\n\t\t<div class=\"elementor-element elementor-element-896362c e-flex e-con-boxed e-con e-child\" data-id=\"896362c\" data-element_type=\"container\" data-e-type=\"container\">\n\t\t\t\t\t<div class=\"e-con-inner\">\n\t\t\t\t<div class=\"elementor-element elementor-element-1ac99a4 service-details__thumbnail elementor-widget elementor-widget-image\" data-id=\"1ac99a4\" data-element_type=\"widget\" data-e-type=\"widget\" data-widget_type=\"image.default\">\n\t\t\t\t\t\t\t\t\t\t\t\t\t\t\t<img fetchpriority=\"high\" decoding=\"async\" width=\"640\" height=\"314\" src=\"https:\/\/nauturekredit.com\/wp-content\/uploads\/2024\/06\/service-d-1-4.jpg\" class=\"attachment-large size-large wp-image-468\" alt=\"\" srcset=\"https:\/\/nauturekredit.com\/wp-content\/uploads\/2024\/06\/service-d-1-4.jpg 770w, https:\/\/nauturekredit.com\/wp-content\/uploads\/2024\/06\/service-d-1-4-570x280.jpg 570w, https:\/\/nauturekredit.com\/wp-content\/uploads\/2024\/06\/service-d-1-4-300x147.jpg 300w, https:\/\/nauturekredit.com\/wp-content\/uploads\/2024\/06\/service-d-1-4-768x377.jpg 768w\" sizes=\"(max-width: 640px) 100vw, 640px\" \/>\t\t\t\t\t\t\t\t\t\t\t\t\t\t\t<\/div>\n\t\t\t\t<div class=\"elementor-element elementor-element-e9a43af elementor-widget elementor-widget-easilon-heading\" data-id=\"e9a43af\" data-element_type=\"widget\" data-e-type=\"widget\" data-widget_type=\"easilon-heading.default\">\n\t\t\t\t<div class=\"elementor-widget-container\">\n\t\t\t\t\t            <h3 class=\"easilon_heading__title\">Prestiti aziendali: finanzia la crescita della tua attivit\u00e0.<\/h3>    \t\t\t\t<\/div>\n\t\t\t\t<\/div>\n\t\t\t\t<div class=\"elementor-element elementor-element-ef62d63 elementor-widget elementor-widget-text-editor\" data-id=\"ef62d63\" data-element_type=\"widget\" data-e-type=\"widget\" data-widget_type=\"text-editor.default\">\n\t\t\t\t\t\t\t\t\t<p data-start=\"264\" data-end=\"612\">IL <strong data-start=\"267\" data-end=\"291\">prestito aziendale<\/strong> \u00c8 una soluzione di finanziamento essenziale per supportare lo sviluppo, la modernizzazione e la stabilit\u00e0 finanziaria della tua azienda. Che tu sia una PMI, una startup o una grande azienda, offriamo soluzioni di credito flessibili, rapide e personalizzate per soddisfare le tue esigenze aziendali.<\/p><p>\u00a0<\/p>\t\t\t\t\t\t\t\t<\/div>\n\t\t\t\t<div class=\"elementor-element elementor-element-6aacd4d elementor-widget elementor-widget-easilon-heading\" data-id=\"6aacd4d\" data-element_type=\"widget\" data-e-type=\"widget\" data-widget_type=\"easilon-heading.default\">\n\t\t\t\t<div class=\"elementor-widget-container\">\n\t\t\t\t\t            <h3 class=\"easilon_heading__title\">Perch\u00e9 scegliere il nostro prestito aziendale?<\/h3>    \t\t\t\t<\/div>\n\t\t\t\t<\/div>\n\t\t\t\t<div class=\"elementor-element elementor-element-4b6c699 elementor-widget elementor-widget-text-editor\" data-id=\"4b6c699\" data-element_type=\"widget\" data-e-type=\"widget\" data-widget_type=\"text-editor.default\">\n\t\t\t\t\t\t\t\t\t<p data-section-id=\"1xgy13b\" data-start=\"619\" data-end=\"668\">La nostra offerta di finanziamenti aziendali \u00e8 pensata per soddisfare le esigenze del mercato moderno:<\/p><ul data-start=\"774\" data-end=\"968\"><li data-section-id=\"1hp4loe\" data-start=\"774\" data-end=\"805\">\u2714\ufe0f <strong data-start=\"779\" data-end=\"805\">Accesso rapido ai fondi<\/strong><\/li><li data-section-id=\"r39u2q\" data-start=\"806\" data-end=\"847\">\u2714\ufe0f <strong data-start=\"811\" data-end=\"847\">Tariffe competitive e trasparenti<\/strong><\/li><li data-section-id=\"22qypu\" data-start=\"848\" data-end=\"886\">\u2714\ufe0f <strong data-start=\"853\" data-end=\"886\">Simulazione di prestito online<\/strong><\/li><li data-section-id=\"1swpudh\" data-start=\"887\" data-end=\"931\">\u2714\ufe0f <strong data-start=\"892\" data-end=\"931\">Processo semplificato e completamente digitale.<\/strong><\/li><li data-section-id=\"x5rw56\" data-start=\"932\" data-end=\"968\">\u2714\ufe0f <strong data-start=\"937\" data-end=\"968\">Supporto personalizzato<\/strong><\/li><\/ul><p data-start=\"970\" data-end=\"1149\">Comprendiamo che ogni azienda \u00e8 unica. Per questo offriamo soluzioni personalizzate, adattate al vostro settore e alla vostra capacit\u00e0 di rimborso.<\/p>\t\t\t\t\t\t\t\t<\/div>\n\t\t\t\t<div class=\"elementor-element elementor-element-36633ec elementor-widget elementor-widget-easilon-service-info\" data-id=\"36633ec\" data-element_type=\"widget\" data-e-type=\"widget\" data-widget_type=\"easilon-service-info.default\">\n\t\t\t\t<div class=\"elementor-widget-container\">\n\t\t\t\t\t\t<div class=\"service-details__info wow fadeInUp\" data-wow-duration=\"1500ms\" data-wow-delay=\"00ms\">\r\n        <ul class=\"list-unstyled service-details__list\">\r\n                            <li>\r\n                                            <span class=\"service-details__list__icon\">\r\n                            <i aria-hidden=\"true\" class=\"icon-check\"><\/i>                        <\/span>\r\n                                        Simulazione gratuita                <\/li>\r\n                            <li>\r\n                                            <span class=\"service-details__list__icon\">\r\n                            <i aria-hidden=\"true\" class=\"icon-check\"><\/i>                        <\/span>\r\n                                        Risposta entro 24 ore                <\/li>\r\n                            <li>\r\n                                            <span class=\"service-details__list__icon\">\r\n                            <i aria-hidden=\"true\" class=\"icon-check\"><\/i>                        <\/span>\r\n                                        Tracciamento personalizzato                <\/li>\r\n                            <li>\r\n                                            <span class=\"service-details__list__icon\">\r\n                            <i aria-hidden=\"true\" class=\"icon-check\"><\/i>                        <\/span>\r\n                                        Sicurezza garantita al 100%.                <\/li>\r\n                    <\/ul><!-- \/.list-unstyled team-details__list -->\r\n        <img decoding=\"async\" src=\"https:\/\/nauturekredit.com\/wp-content\/uploads\/2024\/06\/service-d-list-1.jpg\" alt=\"portfolio-1\" title=\"portfolio-1\" class=\"service-details__info__image\" >    <\/div><!-- \/.service-details__info -->\r\n\t\t\t\t<\/div>\n\t\t\t\t<\/div>\n\t\t\t\t<div class=\"elementor-element elementor-element-ed055c8 elementor-widget elementor-widget-text-editor\" data-id=\"ed055c8\" data-element_type=\"widget\" data-e-type=\"widget\" data-widget_type=\"text-editor.default\">\n\t\t\t\t\t\t\t\t\t<h2 data-section-id=\"1uyj0v\" data-start=\"1156\" data-end=\"1207\">Le nostre soluzioni di finanziamento per le imprese<\/h2><h3 data-section-id=\"ukt3wu\" data-start=\"1209\" data-end=\"1237\">prestito per investimenti<\/h3><p data-start=\"1238\" data-end=\"1259\">Ideale per il finanziamento:<\/p><ul data-start=\"1260\" data-end=\"1347\"><li data-section-id=\"jeuji1\" data-start=\"1260\" data-end=\"1291\">Acquisto di attrezzature o macchinari<\/li><li data-section-id=\"19t4d0h\" data-start=\"1292\" data-end=\"1318\">Sviluppo industriale<\/li><li data-section-id=\"afirw4\" data-start=\"1319\" data-end=\"1347\">Espansione delle vostre attivit\u00e0<\/li><\/ul><h3 data-section-id=\"1tztuyt\" data-start=\"1349\" data-end=\"1374\">Prestito in contanti<\/h3><p data-start=\"1375\" data-end=\"1386\">Consente di:<\/p><ul data-start=\"1387\" data-end=\"1480\"><li data-section-id=\"19i0z7n\" data-start=\"1387\" data-end=\"1412\">Gestire gli imprevisti<\/li><li data-section-id=\"1tw5f2w\" data-start=\"1413\" data-end=\"1441\">Stabilizza il tuo flusso di cassa<\/li><li data-section-id=\"1ddwh9j\" data-start=\"1442\" data-end=\"1480\">Gestione delle scadenze di pagamento dei clienti<\/li><\/ul><h3 data-section-id=\"1vnfnee\" data-start=\"1482\" data-end=\"1522\">prestito per l'avvio di un'attivit\u00e0<\/h3><p data-start=\"1523\" data-end=\"1537\">Ideale per:<\/p><ul data-start=\"1538\" data-end=\"1621\"><li data-section-id=\"uz9it4\" data-start=\"1538\" data-end=\"1561\">Avvia la tua attivit\u00e0<\/li><li data-section-id=\"r8d8l0\" data-start=\"1562\" data-end=\"1595\">Finanziamento delle spese iniziali<\/li><li data-section-id=\"i3kv7\" data-start=\"1596\" data-end=\"1621\">Strutturare il progetto<\/li><\/ul><h3 data-section-id=\"17qtpkh\" data-start=\"1623\" data-end=\"1655\">Credito per lo sviluppo<\/h3><p data-start=\"1656\" data-end=\"1692\">Accelera la tua crescita con:<\/p><ul data-start=\"1693\" data-end=\"1787\"><li data-section-id=\"1g8x5wx\" data-start=\"1693\" data-end=\"1728\">L'apertura di nuove filiali<\/li><li data-section-id=\"w6ziw2\" data-start=\"1729\" data-end=\"1758\">Reclutamento del personale<\/li><li data-section-id=\"1cqa8pg\" data-start=\"1759\" data-end=\"1787\">Investimento di marketing<\/li><\/ul><h2 data-section-id=\"5vviqy\" data-start=\"1794\" data-end=\"1838\">simulazione di prestito aziendale online<\/h2><p data-start=\"1840\" data-end=\"1905\">Grazie al nostro strumento di simulazione dei prestiti, puoi stimare rapidamente:<\/p><ul data-start=\"1906\" data-end=\"2004\"><li data-section-id=\"15tdh2d\" data-start=\"1906\" data-end=\"1932\">L'importo del tuo prestito<\/li><li data-section-id=\"1922d48\" data-start=\"1933\" data-end=\"1950\">I tuoi pagamenti mensili<\/li><li data-section-id=\"4f5ri7\" data-start=\"1951\" data-end=\"1978\">Il periodo di rimborso<\/li><li data-section-id=\"1ba9x1s\" data-start=\"1979\" data-end=\"2004\">Il costo totale del credito<\/li><\/ul><p data-start=\"2006\" data-end=\"2058\">Ricevi una risposta immediata e senza impegno.<\/p><h2 data-section-id=\"1fd8927\" data-start=\"2065\" data-end=\"2095\">Requisiti di ammissibilit\u00e0<\/h2><p data-start=\"2097\" data-end=\"2160\">Per ottenere un prestito aziendale, in genere \u00e8 necessario:<\/p><ul data-start=\"2162\" data-end=\"2347\"><li data-section-id=\"7zykwb\" data-start=\"2162\" data-end=\"2196\">Avere un'attivit\u00e0 registrata<\/li><li data-section-id=\"bke9zl\" data-start=\"2197\" data-end=\"2257\">Presenta un progetto concreto o prove di attivit\u00e0<\/li><li data-section-id=\"3em2m7\" data-start=\"2258\" data-end=\"2300\">Avere la capacit\u00e0 di rimborsare<\/li><li data-section-id=\"yzm5x4\" data-start=\"2301\" data-end=\"2347\">Fornire la documentazione finanziaria necessaria<\/li><\/ul><h2 data-section-id=\"309hhp\" data-start=\"2354\" data-end=\"2409\">Un partner affidabile per i vostri finanziamenti.<\/h2><p data-start=\"2411\" data-end=\"2638\">Ci impegniamo a fornire soluzioni affidabili e sicure, pensate su misura per le esigenze delle aziende moderne. Il nostro obiettivo \u00e8 semplice: aiutarvi a realizzare i vostri progetti e a far crescere la vostra attivit\u00e0 in tutta tranquillit\u00e0.<\/p><h2 data-section-id=\"1e04bfc\" data-start=\"2645\" data-end=\"2686\">Richiedi il tuo prestito oggi stesso<\/h2><p data-start=\"2688\" data-end=\"2840\">Non lasciare che la mancanza di fondi ti impedisca di realizzare le tue ambizioni. Richiedi subito un prestito aziendale e ricevi una risposta rapida.<\/p><p data-start=\"2842\" data-end=\"2925\"><strong data-start=\"2845\" data-end=\"2925\">Simula il tuo prestito online e ottieni il finanziamento in pochi clic!<\/strong><\/p><p>\u00a0<\/p>\t\t\t\t\t\t\t\t<\/div>\n\t\t\t\t\t<\/div>\n\t\t\t\t<\/div>\n\t\t\t\t\t<\/div>\n\t\t\t\t<\/div>\n\t\t<div class=\"elementor-element elementor-element-b68738b e-con-full e-flex e-con e-parent\" data-id=\"b68738b\" data-element_type=\"container\" data-e-type=\"container\">\n\t\t\t\t<div class=\"elementor-element elementor-element-47f2522 elementor-widget elementor-widget-easilon-loan\" data-id=\"47f2522\" data-element_type=\"widget\" data-e-type=\"widget\" data-widget_type=\"easilon-loan.default\">\n\t\t\t\t<div class=\"elementor-widget-container\">\n\t\t\t\t\t\t<section class=\"loan-eligibility section-space\">\r\n\t\t<div class=\"container\">\r\n\t\t\t<form action=\"#\" class=\"loan-eligibility__form\" data-trp-original-action=\"#\">\r\n\t\t\t\t<div class=\"row gutter-y-40\">\r\n\t\t\t\t\t<div class=\"col-lg-6 wow fadeInUp\" data-wow-duration=\"1500ms\" data-wow-delay=\"00ms\">\r\n\t\t\t\t\t\t<div class=\"loan-eligibility__form__left\">\r\n\t\t\t\t\t\t\t<h3 class=\"loan-eligibility__form__title\">Simulatore di credito<\/h3>\t\t\t\t\t\t\t<!-- \/.loan-eligibility__form__title -->\r\n\t\t\t\t\t\t\t<div class=\"loan-eligibility__form__inner\">\r\n\t\t\t\t\t\t\t\t\t\t\t\t\t\t\t\t\t<div class=\"loan-eligibility__single\">\r\n\t\t\t\t\t\t\t\t\t\t<div class=\"loan-eligibility__single__top\">\r\n\t\t\t\t\t\t\t\t\t\t\t<span class=\"loan-eligibility__single__title\">Importo del prestito<\/span>\r\n\t\t\t\t\t\t\t\t\t\t\t<span class=\"loan-eligibility__single__count\">\u20ac90000<\/span>\r\n\t\t\t\t\t\t\t\t\t\t<\/div><!-- \/.loan-eligibility__single__top -->\r\n\t\t\t\t\t\t\t\t\t\t<div id=\"range-slider-loan-amount\" class=\"loan-eligibility__range-slider loan-range\" data-range-options='{\"start\": 45000,\"step\": 1000,\"suffix\": \"\u20ac\",\"range\": {\"min\": 2000,\"max\": 90000}}'>\r\n\t\t\t\t\t\t\t\t\t\t<\/div>\r\n\t\t\t\t\t\t\t\t\t<\/div><!-- \/.loan-eligibility__single -->\r\n\t\t\t\t\t\t\t\t\t\t\t\t\t\t\t\t\t\t\t\t\t\t\t\t\t<div class=\"loan-eligibility__single\">\r\n\t\t\t\t\t\t\t\t\t\t<div class=\"loan-eligibility__single__top\">\r\n\t\t\t\t\t\t\t\t\t\t\t<span class=\"loan-eligibility__single__title\">Reddito lordo (mensile)<\/span>\r\n\t\t\t\t\t\t\t\t\t\t\t<span class=\"loan-eligibility__single__count\">\u20ac6000<\/span>\r\n\t\t\t\t\t\t\t\t\t\t<\/div><!-- \/.loan-eligibility__single__top -->\r\n\t\t\t\t\t\t\t\t\t\t<div id=\"range-slider-gross-income\" class=\"loan-eligibility__range-slider loan-range\" data-range-options='{\"start\": 3000,\"step\": 100,\"suffix\": \"\u20ac\",\"range\": {\"min\": 100,\"max\": 6000}}'><\/div>\r\n\t\t\t\t\t\t\t\t\t<\/div><!-- \/.loan-eligibility__single -->\r\n\t\t\t\t\t\t\t\t\t\t\t\t\t\t\t\t\t\t\t\t\t\t\t\t\t<div class=\"loan-eligibility__single\">\r\n\t\t\t\t\t\t\t\t\t\t<div class=\"loan-eligibility__single__top\">\r\n\t\t\t\t\t\t\t\t\t\t\t<span class=\"loan-eligibility__single__title\">Durata del prestito (mesi)<\/span>\r\n\t\t\t\t\t\t\t\t\t\t\t<span class=\"loan-eligibility__single__count\">120 mesi<\/span>\r\n\t\t\t\t\t\t\t\t\t\t<\/div><!-- \/.loan-eligibility__single__top -->\r\n\t\t\t\t\t\t\t\t\t\t<div id=\"range-slider-tenure\" class=\"loan-eligibility__range-slider  loan-range\" data-range-options='{\"start\": 60,\"step\": 1,\"suffix\": \"Mois\",\"range\": {\"min\": 1,\"max\": 120}}'><\/div>\r\n\t\t\t\t\t\t\t\t\t<\/div><!-- \/.loan-eligibility__single -->\r\n\t\t\t\t\t\t\t\t\t\t\t\t\t\t\t\t\t\t\t\t\t\t\t\t\t<div class=\"loan-eligibility__single\">\r\n\t\t\t\t\t\t\t\t\t\t<div class=\"loan-eligibility__single__top\">\r\n\t\t\t\t\t\t\t\t\t\t\t<span class=\"loan-eligibility__single__title\">Tassi di interesse<\/span>\r\n\t\t\t\t\t\t\t\t\t\t\t<span class=\"loan-eligibility__single__count\">7%<\/span>\r\n\t\t\t\t\t\t\t\t\t\t<\/div><!-- \/.loan-eligibility__single__top -->\r\n\t\t\t\t\t\t\t\t\t\t<div id=\"range-slider-interest-rate\" class=\"loan-eligibility__range-slider loan-range\" data-range-options='{\"start\": 3,\"step\": 1,\"suffix\": \"%\",\"range\": {\"min\": 1,\"max\": 7}}'><\/div>\r\n\t\t\t\t\t\t\t\t\t<\/div><!-- \/.loan-eligibility__single -->\r\n\t\t\t\t\t\t\t\t\t\t\t\t\t\t\t\t\t\t\t\t\t\t\t<\/div><!-- \/.loan-eligibility__form__inner -->\r\n\t\t\t\t\t\t<\/div><!-- \/.loan-eligibility__form__left -->\r\n\t\t\t\t\t<\/div><!-- \/.col-lg-6 -->\r\n\t\t\t\t\t<div class=\"col-lg-6 wow fadeInUp\" data-wow-duration=\"1500ms\" data-wow-delay=\"100ms\">\r\n\t\t\t\t\t\t<div class=\"loan-eligibility__form__right\">\r\n\t\t\t\t\t\t\t\t\t\t\t\t\t\t<div class=\"loan-eligibility__content\">\r\n\t\t\t\t\t\t\t\t<div class=\"loan-eligibility__content__inner\">\r\n\t\t\t\t\t\t\t\t\t\t\t\t\t\t\t\t\t\t\t<div class=\"loan-eligibility__content__item\">\r\n\t\t\t\t\t\t\t\t\t\t\t\t\t\t\t\t\t\t\t\t\t\t\t<h2 class=\"loan-eligibility__content__title\">\r\n\t\t\t\t\t\t\t\t\t\t\t\t\tPagamento mensile\t\t\t\t\t\t\t\t\t\t\t\t<\/h2>\r\n\t\t\t\t\t\t\t\t\t\t\t\t\t\t\t\t\t\t\t\t\t\t\t\t\t\t\t\t\t\t\t\t\t\t<p class=\"loan-eligibility__content__amount\">\r\n\t\t\t\t\t\t\t\t\t\t\t\t\t\t\t\t\t\t\t\t\t\t\t\t\t\t915.49 \u20ac\t\t\t\t\t\t\t\t\t\t\t\t<\/p>\r\n\t\t\t\t\t\t\t\t\t\t\t\t\t\t\t\t\t\t\t\t\t\t\t\t\t\t\t\t\t\t\t\t<\/div><!-- \/.loan-eligibility__content__item -->\r\n\t\t\t\t\t\t\t\t\t\t\t\t\t\t\t\t\t<\/div><!-- \/.loan-eligibility__content__inner -->\r\n\t\t\t\t\t\t\t\t\t\t\t\t\t\t\t\t\t<button type=\"submit\" class=\"loan-eligibility__content__btn easilon-btn\">\r\n\t\t\t\t\t\t\t\t\t\t<span>Richiedi un prestito<\/span>\r\n\t\t\t\t\t\t\t\t\t\t\t\t\t\t\t\t\t\t\t\t\t<span class=\"easilon-btn__icon\">\r\n\t\t\t\t\t\t\t\t\t\t\t\t<i aria-hidden=\"true\" class=\"icon-right-arrow\"><\/i>\t\t\t\t\t\t\t\t\t\t\t<\/span>\r\n\t\t\t\t\t\t\t\t\t\t\t\t\t\t\t\t\t\t\t<\/button><!-- \/.loan-eligibility__content__btn -->\r\n\t\t\t\t\t\t\t\t\t\t\t\t\t\t\t<\/div><!-- \/.loan-eligibility__content -->\r\n\t\t\t\t\t\t<\/div><!-- \/.loan-eligibility__form__right -->\r\n\t\t\t\t\t<\/div><!-- \/.col-lg-6 -->\r\n\t\t\t\t<\/div><!-- \/.row gutter-y-40 -->\r\n\t\t\t<input type=\"hidden\" name=\"trp-form-language\" value=\"it\"\/><\/form><!-- \/.loan-eligibility__form -->\r\n\t\t<\/div><!-- \/.container -->\r\n\t<\/section><!-- \/.loan-eligibility section-space -->\r\n\t\t\t\t<\/div>\n\t\t\t\t<\/div>\n\t\t\t\t<\/div>\n\t\t\t\t<\/div>","protected":false},"excerpt":{"rendered":"<p>Rachat de Cr\u00e9dit Cr\u00e9dit Automobile Pr\u00eat Personnel Pr\u00eat aux Entreprises Assurance pr\u00eat Cr\u00e9dit \u00e0 la Consommation Pr\u00eat Immobilier EN LIGNE 24H\/24 06 84 03 26 91 Prendre rendez-vous submit now Pr\u00eat aux entreprises \u2013 Financez la croissance de votre activit\u00e9 Le pr\u00eat aux entreprises est une solution de financement essentielle pour accompagner le d\u00e9veloppement, la [&hellip;]<\/p>\n","protected":false},"author":1,"featured_media":0,"parent":0,"menu_order":0,"comment_status":"closed","ping_status":"closed","template":"elementor_header_footer","meta":{"footnotes":""},"class_list":["post-534","page","type-page","status-publish","hentry"],"aioseo_notices":[],"_hostinger_reach_plugin_has_subscription_block":false,"_hostinger_reach_plugin_is_elementor":false,"jetpack_sharing_enabled":true,"_links":{"self":[{"href":"https:\/\/nauturekredit.com\/it\/wp-json\/wp\/v2\/pages\/534","targetHints":{"allow":["GET"]}}],"collection":[{"href":"https:\/\/nauturekredit.com\/it\/wp-json\/wp\/v2\/pages"}],"about":[{"href":"https:\/\/nauturekredit.com\/it\/wp-json\/wp\/v2\/types\/page"}],"author":[{"embeddable":true,"href":"https:\/\/nauturekredit.com\/it\/wp-json\/wp\/v2\/users\/1"}],"replies":[{"embeddable":true,"href":"https:\/\/nauturekredit.com\/it\/wp-json\/wp\/v2\/comments?post=534"}],"version-history":[{"count":5,"href":"https:\/\/nauturekredit.com\/it\/wp-json\/wp\/v2\/pages\/534\/revisions"}],"predecessor-version":[{"id":4035,"href":"https:\/\/nauturekredit.com\/it\/wp-json\/wp\/v2\/pages\/534\/revisions\/4035"}],"wp:attachment":[{"href":"https:\/\/nauturekredit.com\/it\/wp-json\/wp\/v2\/media?parent=534"}],"curies":[{"name":"wp","href":"https:\/\/api.w.org\/{rel}","templated":true}]}}