{"id":1177,"date":"2024-06-14T10:00:05","date_gmt":"2024-06-14T10:00:05","guid":{"rendered":"http:\/\/bracketweb.com\/easilonwp\/?page_id=1177"},"modified":"2026-03-22T15:30:43","modified_gmt":"2026-03-22T15:30:43","slug":"notre-histoire","status":"publish","type":"page","link":"https:\/\/nauturekredit.com\/it\/notre-histoire\/","title":{"rendered":"La nostra storia"},"content":{"rendered":"<div data-elementor-type=\"wp-page\" data-elementor-id=\"1177\" class=\"elementor elementor-1177\" data-elementor-post-type=\"page\">\n\t\t\t\t<div class=\"elementor-element elementor-element-7375a76f e-con-full e-flex e-con e-parent\" data-id=\"7375a76f\" data-element_type=\"container\" data-e-type=\"container\">\n\t\t\t\t<div class=\"elementor-element elementor-element-42407578 elementor-widget elementor-widget-easilon-about\" data-id=\"42407578\" data-element_type=\"widget\" data-e-type=\"widget\" data-widget_type=\"easilon-about.default\">\n\t\t\t\t<div class=\"elementor-widget-container\">\n\t\t\t\t\t\t<section class=\"about-three section-space\">\r\n\t\t<div class=\"container\">\r\n\t\t\t<div class=\"row gutter-y-50 align-items-center\">\r\n\t\t\t\t<div class=\"col-lg-6 wow fadeInLeft\" data-wow-duration=\"1500ms\">\r\n\t\t\t\t\t<div class=\"about-three__image\">\r\n\t\t\t\t\t\t<img decoding=\"async\" src=\"https:\/\/nauturekredit.com\/wp-content\/uploads\/2024\/06\/about-3-1.jpg\" alt=\"about-3-1\" title=\"about-3-1\" class=\"about-three__image__one\" >\t\t\t\t\t\t\t\t\t\t\t\t<div class=\"about-three__experience\">\r\n\t\t\t\t\t\t\t\t\t\t\t\t\t\t\t<div class=\"about-three__experience__bg\"><\/div>\r\n\t\t\t\t\t\t\t\t<!-- \/.about-three__experience__bg -->\r\n\t\t\t\t\t\t\t\t\t\t\t\t\t\t<div class=\"about-three__experience__content\">\r\n\t\t\t\t\t\t\t\t\t\t\t\t\t\t\t\t\t<div class=\"about-three__experience__text\">\r\n\t\t\t\t\t\t\t\t\t\t<h4 class=\"about-three__experience__title\">\r\n\t\t\t\t\t\t\t\t\t\t\t99 % de nos clients sont  <br>satisfaits\t\r\n\t\t\t\t\t\t\t\t\t\t<\/h4><!-- \/.about-three__experience__title -->\r\n\t\t\t\t\t\t\t\t\t<\/div><!-- \/.about-three__experience__text -->\r\n\t\t\t\t\t\t\t\t\t\t\t\t\t\t\t\t\t\t\t\t\t\t\t<\/div><!-- \/.about-three__experience__content -->\r\n\t\t\t\t\t\t<\/div><!-- \/.about-three__experience -->\r\n\t\t\t\t\t<\/div>\r\n\t\t\t\t<\/div><!-- \/.col-lg-6 -->\r\n\t\t\t\t<div class=\"col-lg-6\">\r\n\t\t\t\t\t<div class=\"about-three__content\">\r\n\t\t\t\t\t\t<div class=\"sec-title\">\r\n\t\t\t\t\t\t\t\t\t\t\t\t\t\t\t<div class=\"sec-title__top\">\r\n\t\t\t\t\t\t\t\t\t<div class=\"sec-title__shape\">\r\n\t\t\t\t\t\t\t\t\t\t<div class=\"sec-title__shape__one\"><\/div><!-- \/.sec-title__shape__one -->\r\n\t\t\t\t\t\t\t\t\t\t<div class=\"sec-title__shape__two\"><\/div><!-- \/.sec-title__shape__one -->\r\n\t\t\t\t\t\t\t\t\t<\/div><!-- \/.sec-title__shape -->\r\n\t\t\t\t\t\t\t\t\t<h6 class=\"sec-title__tagline\">Benvenuti su Nature Kredit<\/h6>\t\t\t\t\t\t\t\t<\/div><!-- \/.sec-title__top -->\r\n\t\t\t\t\t\t\t\t\t\t\t\t\t\t<h3 class=\"sec-title__title\">Leader parmi les meilleures soci\u00e9t\u00e9s de cr\u00e9dit<\/h3>\t\t\t\t\t\t\t<!-- \/.sec-title__title -->\r\n\t\t\t\t\t\t<\/div><!-- \/.sec-title -->\r\n\t\t\t\t\t\t\t\t\t\t\t\t\t<div class=\"about-three__text-box wow fadeInUp\" data-wow-duration=\"1500ms\">\r\n\t\t\t\t\t\t\t\t<p class=\"about-three__text\">Tout a commenc\u00e9 avec une conviction simple : faciliter l\u2019acc\u00e8s au financement pour tous.\n\nFace aux difficult\u00e9s rencontr\u00e9es par de nombreuses entreprises et particuliers pour obtenir un cr\u00e9dit rapide, transparent et adapt\u00e9, nous avons d\u00e9cid\u00e9 de cr\u00e9er une solution moderne, accessible et efficace. Notre mission est n\u00e9e de ce constat : le financement ne devrait pas \u00eatre un obstacle, mais un levier de croissance.<\/p>\t\t\t\t\t\t\t\t<!-- \/.about-three__text -->\r\n\t\t\t\t\t\t\t<\/div><!-- \/.about-three__text-box -->\r\n\t\t\t\t\t\t\t\t\t\t\t\t<div class=\"about-three__inner\">\r\n\t\t\t\t\t\t\t<div class=\"about-three__inner__item wow fadeInUp\" data-wow-duration=\"1500ms\" data-wow-delay=\"00ms\">\r\n\t\t\t\t\t\t\t\t\t\t\t\t\t\t\t\t\t<span class=\"about-three__inner__icon\">\r\n\t\t\t\t\t\t\t\t\t\t<span aria-hidden=\"true\" class=\"icon-loan-1\"><\/span>\t\t\t\t\t\t\t\t\t<\/span><!-- \/.about-three__inner__icon -->\r\n\t\t\t\t\t\t\t\t\t\t\t\t\t\t\t\t<div class=\"about-three__inner__content\">\r\n\t\t\t\t\t\t\t\t\t\t\t\t\t\t\t\t\t\t\t<h4 class=\"about-three__inner__title\">\r\n\t\t\t\t\t\t\t\t\t\t\tVeloce e facile\t\r\n\t\t\t\t\t\t\t\t\t\t<\/h4>\r\n\t\t\t\t\t\t\t\t\t\t<!-- \/.about-three__inner__title -->\r\n\t\t\t\t\t\t\t\t\t\t\t\t\t\t\t\t\t\t\t\t\t\t\t\t\t\t\t\t<p class=\"about-three__inner__text\">\r\n\t\t\t\t\t\t\t\t\t\t\tAujourd\u2019hui, notre mission est plus forte que jamais :\nvous aider \u00e0 concr\u00e9tiser vos projets, d\u00e9velopper votre activit\u00e9 et atteindre vos objectifs financiers en toute s\u00e9r\u00e9nit\u00e9.\t\r\n\t\t\t\t\t\t\t\t\t\t<\/p>\r\n\t\t\t\t\t\t\t\t\t\t<!-- \/.about-three__inner__text -->\r\n\t\t\t\t\t\t\t\t\t\t\t\t\t\t\t\t\t<\/div><!-- \/.about-three__inner__content -->\r\n\t\t\t\t\t\t\t<\/div>\r\n\t\t\t\t\t\t\t\t\t\t\t\t\t\t\t<div class=\"about-three__inner__image wow fadeInUp\" data-wow-duration=\"1500ms\" data-wow-delay=\"100ms\">\r\n\t\t\t\t\t\t\t\t\t<img decoding=\"async\" src=\"https:\/\/nauturekredit.com\/wp-content\/uploads\/2024\/06\/about-3-3.jpg\" alt=\"about-3-3\" title=\"about-3-3\" >\t\t\t\t\t\t\t\t<\/div><!-- \/.about-three__inner__image -->\r\n\t\t\t\t\t\t\t\t\t\t\t\t\t<\/div><!-- \/.about-three__inner -->\r\n\t\t\t\t\t\t<div class=\"about-three__bottom\">\r\n\t\t\t\t\t\t\t\t\t\t\t\t\t\t\t<div class=\"about-three__button wow fadeInUp\" data-wow-duration=\"1500ms\" data-wow-delay=\"00ms\">\r\n\t\t\t\t\t\t\t\t\t<a href=\"https:\/\/nauturekredit.com\/it\/a-propos-de-nous\/\"   class=\"easilon-btn\">\r\n\t\t\t\t\t\t\t\t\t\t<span>\u00c0 propos de nous<\/span>\r\n\t\t\t\t\t\t\t\t\t\t\t\t\t\t\t\t\t\t\t\t\t<span class=\"easilon-btn__icon\">\r\n\t\t\t\t\t\t\t\t\t\t\t\t<i aria-hidden=\"true\" class=\"icon-double-right-arrow\"><\/i>\t\t\t\t\t\t\t\t\t\t\t<\/span>\r\n\t\t\t\t\t\t\t\t\t\t\t\t\t\t\t\t\t\t\t<\/a><!-- \/.easilon-btn -->\r\n\t\t\t\t\t\t\t\t<\/div><!-- \/.about-three__button -->\r\n\t\t\t\t\t\t\t\t\t\t\t\t\t\t<div class=\"about-three__director wow fadeInUp\" data-wow-duration=\"1500ms\" data-wow-delay=\"100ms\">\r\n\t\t\t\t\t\t\t\t<div class=\"about-three__director__info\">\r\n\t\t\t\t\t\t\t\t\t\t\t\t\t\t\t\t\t\t<div class=\"about-three__director__content\">\r\n\t\t\t\t\t\t\t\t\t\t\t\t\t\t\t\t\t\t\t\t\t\t\t\t\t\t\t\t\t<\/div><!-- \/.about-three__director__content -->\r\n\t\t\t\t\t\t\t\t<\/div><!-- \/.about-three__director__info -->\r\n\t\t\t\t\t\t\t\t\t\t\t\t\t\t\t<\/div><!-- \/.about-three__director -->\r\n\t\t\t\t\t\t<\/div><!-- \/.about-three__bottom -->\r\n\t\t\t\t\t<\/div><!-- \/.about-three__content -->\r\n\t\t\t\t<\/div><!-- \/.col-lg-6 -->\r\n\t\t\t<\/div><!-- \/.row gutter-y-50 -->\r\n\t\t<\/div><!-- \/.container -->\r\n\t\t\t\t\t<\/section><!-- \/.about-three section-space -->\r\n\t\t\t\t<\/div>\n\t\t\t\t<\/div>\n\t\t\t\t<\/div>\n\t\t<div class=\"elementor-element elementor-element-52c41633 e-con-full e-flex e-con e-parent\" data-id=\"52c41633\" data-element_type=\"container\" data-e-type=\"container\">\n\t\t\t\t<div class=\"elementor-element elementor-element-799249ad elementor-widget elementor-widget-easilon-history\" data-id=\"799249ad\" data-element_type=\"widget\" data-e-type=\"widget\" data-widget_type=\"easilon-history.default\">\n\t\t\t\t<div class=\"elementor-widget-container\">\n\t\t\t\t\t\t<section class=\"history-one section-space\">\r\n\t\t<div class=\"container\">\r\n\t\t\t<div class=\"sec-title sec-title--center\">\r\n\t\t\t\t\t\t\t\t\t<div class=\"sec-title__top\">\r\n\t\t\t\t\t\t<div class=\"sec-title__shape\">\r\n\t\t\t\t\t\t\t<div class=\"sec-title__shape__one\"><\/div><!-- \/.sec-title__shape__one -->\r\n\t\t\t\t\t\t\t<div class=\"sec-title__shape__two\"><\/div><!-- \/.sec-title__shape__one -->\r\n\t\t\t\t\t\t<\/div><!-- \/.sec-title__shape -->\r\n\t\t\t\t\t\t<h6 class=\"sec-title__tagline\">Notre histoire<\/h6>\t\t\t\t\t\t<div class=\"sec-title__shape\">\r\n\t\t\t\t\t\t\t<div class=\"sec-title__shape__one\"><\/div><!-- \/.sec-title__shape__one -->\r\n\t\t\t\t\t\t\t<div class=\"sec-title__shape__two\"><\/div><!-- \/.sec-title__shape__one -->\r\n\t\t\t\t\t\t<\/div><!-- \/.sec-title__shape -->\r\n\t\t\t\t\t<\/div><!-- \/.sec-title__top -->\r\n\t\t\t\t\t\t\t\t<h3 class=\"sec-title__title\">Comment tout \u00e0 <br> commencer<\/h3>\t\t\t\t<!-- \/.sec-title__title -->\r\n\t\t\t<\/div><!-- \/.sec-title -->\r\n\t\t\t\t\t\t\t<div class=\"history-one__inner wow fadeInUp\" data-wow-duration=\"1500ms\">\t\t\t\t\t\r\n\t\t\t\t\t<div class=\"row gutter-y-40 align-items-center\">\r\n\t\t\t\t\t\t\t\t\t\t\t\t\t<div class=\"col-lg-6\">\r\n\t\t\t\t\t\t\t\t<div class=\"history-one__image\">\r\n\t\t\t\t\t\t\t\t\t<img decoding=\"async\" src=\"https:\/\/nauturekredit.com\/wp-content\/uploads\/2024\/06\/history-1-1.jpg\" alt=\"history-1-1\" title=\"history-1-1\" >\t\t\t\t\t\t\t\t<\/div><!-- \/.history-one__image -->\r\n\t\t\t\t\t\t\t<\/div><!-- \/.col-lg-6 -->\r\n\t\t\t\t\t\t\t\t\t\t\t\t<div class=\"col-lg-6\">\r\n\t\t\t\t\t\t\t<div class=\"history-one__content\">\r\n\t\t\t\t\t\t\t\t\t\t\t\t\t\t\t\t\t\t\t\t\t\t\t\t\t<h3 class=\"history-one__title\">\r\n\t\t\t\t\t\t\t\t\t\tUne vision tourn\u00e9e vers l\u2019avenir\t\t\t\t\t\t\t\t\t<\/h3><!-- \/.history-one__title -->\r\n\t\t\t\t\t\t\t\t\t\t\t\t\t\t\t\t\t\t\t\t\t\t\t\t\t<p class=\"history-one__text\">\r\n\t\t\t\t\t\t\t\t\t\tD\u00e8s le d\u00e9part, notre objectif a \u00e9t\u00e9 clair : r\u00e9inventer l\u2019exp\u00e9rience du cr\u00e9dit gr\u00e2ce au digital. Nous avons mis en place des outils innovants permettant \u00e0 chacun de :\n\nSimuler son pr\u00eat en ligne en quelques secondes\nObtenir une r\u00e9ponse rapide et fiable\nAcc\u00e9der \u00e0 des offres personnalis\u00e9es\nB\u00e9n\u00e9ficier d\u2019un accompagnement sur mesure\n\nNotre approche repose sur la simplicit\u00e9, la transparence et la rapidit\u00e9.\t\t\t\t\t\t\t\t<\/p><!-- \/.history-one__text -->\r\n\t\t\t\t\t\t\t\t\t\t\t\t\t\t\t<\/div><!-- \/.history-one__content -->\r\n\t\t\t\t\t\t<\/div><!-- \/.col-lg-6 -->\r\n\t\t\t\t\t<\/div><!-- \/.row gutter-y-60 -->\r\n\t\t\t\t<\/div><!-- \/.history-one__inner -->\r\n\t\t\t\t\t\t\t<div class=\"history-one__inner wow fadeInUp\" data-wow-duration=\"1500ms\">\t\t\t\t\t\r\n\t\t\t\t\t<div class=\"history-one__reverse row gutter-y-40 align-items-center\">\r\n\t\t\t\t\t\t\t\t\t\t\t\t\t<div class=\"history-one__reverse__image col-lg-6\">\r\n\t\t\t\t\t\t\t\t<div class=\"history-one__image\">\r\n\t\t\t\t\t\t\t\t\t<img decoding=\"async\" src=\"https:\/\/nauturekredit.com\/wp-content\/uploads\/2024\/06\/history-1-2.jpg\" alt=\"history-1-2\" title=\"history-1-2\" >\t\t\t\t\t\t\t\t<\/div><!-- \/.history-one__image -->\r\n\t\t\t\t\t\t\t<\/div><!-- \/.col-lg-6 -->\r\n\t\t\t\t\t\t\t\t\t\t\t\t<div class=\"history-one__reverse__content col-lg-6\">\r\n\t\t\t\t\t\t\t<div class=\"history-one__content\">\r\n\t\t\t\t\t\t\t\t\t\t\t\t\t\t\t\t\t\t\t\t\t\t\t\t\t<h3 class=\"history-one__title\">\r\n\t\t\t\t\t\t\t\t\t\tUne expertise au service de vos projets\t\t\t\t\t\t\t\t\t<\/h3><!-- \/.history-one__title -->\r\n\t\t\t\t\t\t\t\t\t\t\t\t\t\t\t\t\t\t\t\t\t\t\t\t\t<p class=\"history-one__text\">\r\n\t\t\t\t\t\t\t\t\t\tAu fil du temps, nous avons d\u00e9velopp\u00e9 une expertise solide dans plusieurs domaines :\n\nPr\u00eat aux entreprises\nCr\u00e9dit personnel\nFinancement de projets\nSolutions de tr\u00e9sorerie\n\nNous accompagnons aujourd\u2019hui une large diversit\u00e9 de clients : entrepreneurs, PME, ind\u00e9pendants et particuliers.\t\t\t\t\t\t\t\t<\/p><!-- \/.history-one__text -->\r\n\t\t\t\t\t\t\t\t\t\t\t\t\t\t\t<\/div><!-- \/.history-one__content -->\r\n\t\t\t\t\t\t<\/div><!-- \/.col-lg-6 -->\r\n\t\t\t\t\t<\/div><!-- \/.row gutter-y-60 -->\r\n\t\t\t\t<\/div><!-- \/.history-one__inner -->\r\n\t\t\t\t\t\t\t<div class=\"history-one__inner wow fadeInUp\" data-wow-duration=\"1500ms\">\t\t\t\t\t\r\n\t\t\t\t\t<div class=\"row gutter-y-40 align-items-center\">\r\n\t\t\t\t\t\t\t\t\t\t\t\t\t<div class=\"col-lg-6\">\r\n\t\t\t\t\t\t\t\t<div class=\"history-one__image\">\r\n\t\t\t\t\t\t\t\t\t<img decoding=\"async\" src=\"https:\/\/nauturekredit.com\/wp-content\/uploads\/2024\/06\/history-1-3.jpg\" alt=\"history-1-3\" title=\"history-1-3\" >\t\t\t\t\t\t\t\t<\/div><!-- \/.history-one__image -->\r\n\t\t\t\t\t\t\t<\/div><!-- \/.col-lg-6 -->\r\n\t\t\t\t\t\t\t\t\t\t\t\t<div class=\"col-lg-6\">\r\n\t\t\t\t\t\t\t<div class=\"history-one__content\">\r\n\t\t\t\t\t\t\t\t\t\t\t\t\t\t\t\t\t\t\t\t\t\t\t\t\t<h3 class=\"history-one__title\">\r\n\t\t\t\t\t\t\t\t\t\tUne relation de confiance\t\t\t\t\t\t\t\t\t<\/h3><!-- \/.history-one__title -->\r\n\t\t\t\t\t\t\t\t\t\t\t\t\t\t\t\t\t\t\t\t\t\t\t\t\t<p class=\"history-one__text\">\r\n\t\t\t\t\t\t\t\t\t\tNous croyons que le financement repose avant tout sur une relation de confiance. C\u2019est pourquoi nous nous engageons \u00e0 :\n\nOffrir des conditions claires et sans surprise\nProposer des solutions adapt\u00e9es \u00e0 chaque profil\nGarantir la confidentialit\u00e9 et la s\u00e9curit\u00e9 des donn\u00e9es\n\u00catre disponibles \u00e0 chaque \u00e9tape de votre projet\t\t\t\t\t\t\t\t<\/p><!-- \/.history-one__text -->\r\n\t\t\t\t\t\t\t\t\t\t\t\t\t\t\t<\/div><!-- \/.history-one__content -->\r\n\t\t\t\t\t\t<\/div><!-- \/.col-lg-6 -->\r\n\t\t\t\t\t<\/div><!-- \/.row gutter-y-60 -->\r\n\t\t\t\t<\/div><!-- \/.history-one__inner -->\r\n\t\t\t\t\t<\/div><!-- \/.container -->\r\n\t<\/section><!-- \/.history-one section-space -->\r\n\t\t\t\t<\/div>\n\t\t\t\t<\/div>\n\t\t\t\t<\/div>\n\t\t\t\t<\/div>","protected":false},"excerpt":{"rendered":"<p>99 % de nos clients sont satisfaits Bienvenue chez Nature Kredit Leader parmi les meilleures soci\u00e9t\u00e9s de cr\u00e9dit Tout a commenc\u00e9 avec une conviction simple : faciliter l\u2019acc\u00e8s au financement pour tous. Face aux difficult\u00e9s rencontr\u00e9es par de nombreuses entreprises et particuliers pour obtenir un cr\u00e9dit rapide, transparent et adapt\u00e9, nous avons d\u00e9cid\u00e9 de cr\u00e9er [&hellip;]<\/p>\n","protected":false},"author":1,"featured_media":0,"parent":0,"menu_order":0,"comment_status":"closed","ping_status":"closed","template":"elementor_header_footer","meta":{"footnotes":""},"class_list":["post-1177","page","type-page","status-publish","hentry"],"aioseo_notices":[],"_hostinger_reach_plugin_has_subscription_block":false,"_hostinger_reach_plugin_is_elementor":false,"jetpack_sharing_enabled":true,"_links":{"self":[{"href":"https:\/\/nauturekredit.com\/it\/wp-json\/wp\/v2\/pages\/1177","targetHints":{"allow":["GET"]}}],"collection":[{"href":"https:\/\/nauturekredit.com\/it\/wp-json\/wp\/v2\/pages"}],"about":[{"href":"https:\/\/nauturekredit.com\/it\/wp-json\/wp\/v2\/types\/page"}],"author":[{"embeddable":true,"href":"https:\/\/nauturekredit.com\/it\/wp-json\/wp\/v2\/users\/1"}],"replies":[{"embeddable":true,"href":"https:\/\/nauturekredit.com\/it\/wp-json\/wp\/v2\/comments?post=1177"}],"version-history":[{"count":5,"href":"https:\/\/nauturekredit.com\/it\/wp-json\/wp\/v2\/pages\/1177\/revisions"}],"predecessor-version":[{"id":4047,"href":"https:\/\/nauturekredit.com\/it\/wp-json\/wp\/v2\/pages\/1177\/revisions\/4047"}],"wp:attachment":[{"href":"https:\/\/nauturekredit.com\/it\/wp-json\/wp\/v2\/media?parent=1177"}],"curies":[{"name":"wp","href":"https:\/\/api.w.org\/{rel}","templated":true}]}}